{"id":34500,"date":"2017-11-25T17:43:20","date_gmt":"2017-11-25T17:43:20","guid":{"rendered":"http:\/\/hqcosmetique.com\/?post_type=product&#038;p=34500"},"modified":"2021-03-15T13:12:05","modified_gmt":"2021-03-15T13:12:05","slug":"scrub-viso-con-polvere-di-nocciolo-di-albicocca","status":"publish","type":"product","link":"http:\/\/hqcosmetique.com\/it\/prodotto\/scrub-viso-con-polvere-di-nocciolo-di-albicocca\/","title":{"rendered":"SCRUB VISO CON POLVERE DI NOCCIOLO DI ALBICOCCA"},"content":{"rendered":"<p>PRODOTTO A TRIPLICE AZIONE:<br \/>\nAZIONE ASTRINGENTE &#8211; AZIONE ESFOLIANTE &#8211; AZIONE ADDOLCENTE<\/p>\n<p>Elimina le cellule morte, affina la grana della pelle. Lascia la pelle pi\u00f9 liscia, morbida e radiosa. Un gesto semplicissimo che assicura a tutte le pelli, anche alle pi\u00f9 sensibili, un risultato immediato. L\u2019azione esfoliante e<br \/>\nlevigante \u00e8 data dalla polvere di quarzo ed \u00e8 resa pi\u00f9 intensa dalla presenza di granuli di albicocca che insieme, &#8220;meccanicamente&#8221;, rimuovono le cellule morte.<\/p>\n","protected":false},"excerpt":{"rendered":"<h2>SCRUB VISO CON POLVERE DI NOCCIOLO DI ALBICOCCA<\/h2>\n<p>all\u2019estratto di Lampone<\/p>\n","protected":false},"featured_media":29193,"comment_status":"open","ping_status":"closed","template":"","meta":[],"_links":{"self":[{"href":"http:\/\/hqcosmetique.com\/it\/wp-json\/wp\/v2\/product\/34500"}],"collection":[{"href":"http:\/\/hqcosmetique.com\/it\/wp-json\/wp\/v2\/product"}],"about":[{"href":"http:\/\/hqcosmetique.com\/it\/wp-json\/wp\/v2\/types\/product"}],"replies":[{"embeddable":true,"href":"http:\/\/hqcosmetique.com\/it\/wp-json\/wp\/v2\/comments?post=34500"}],"wp:featuredmedia":[{"embeddable":true,"href":"http:\/\/hqcosmetique.com\/it\/wp-json\/wp\/v2\/media\/29193"}],"wp:attachment":[{"href":"http:\/\/hqcosmetique.com\/it\/wp-json\/wp\/v2\/media?parent=34500"}],"curies":[{"name":"wp","href":"https:\/\/api.w.org\/{rel}","templated":true}]}}