{"id":34462,"date":"2017-11-25T17:40:07","date_gmt":"2017-11-25T17:40:07","guid":{"rendered":"http:\/\/hqcosmetique.com\/?post_type=product&#038;p=34462"},"modified":"2018-02-21T19:39:34","modified_gmt":"2018-02-21T19:39:34","slug":"maschera-riequilibrante-e-opacizzante","status":"publish","type":"product","link":"http:\/\/hqcosmetique.com\/it\/prodotto\/maschera-riequilibrante-e-opacizzante\/","title":{"rendered":"MASCHERA RIEQUILIBRANTE  E OPACIZZANTE"},"content":{"rendered":"<p>COLORITO FRESCO, OPACIZZATO E UNA PELLE AFFINATA<\/p>\n<p>Assorbe l&#8217;eccesso di sebo e le impurit\u00e0,eliminati poi al risciacquo. Una maschera dalla texture leggera che purifica e pulisce la pelle in profondit\u00e0 grazie ad una particolare miscela di estratti vegetali: ideale per eliminare impurit\u00e0 e residui di inquinamento, le pelli spente sono come ri-ossigenate. L&#8217;incarnato \u00e8 ravvivato, pi\u00f9 fresco e pi\u00f9 puro. La pelle \u00e8 pi\u00f9 luminosa.<\/p>\n","protected":false},"excerpt":{"rendered":"<h2>MASCHERA RIEQUILIBRANTE E OPACIZZANTE<\/h2>\n<p>all&#8217;olio di Melaleuca Alternifolia<\/p>\n","protected":false},"featured_media":28878,"comment_status":"open","ping_status":"closed","template":"","meta":[],"_links":{"self":[{"href":"http:\/\/hqcosmetique.com\/it\/wp-json\/wp\/v2\/product\/34462"}],"collection":[{"href":"http:\/\/hqcosmetique.com\/it\/wp-json\/wp\/v2\/product"}],"about":[{"href":"http:\/\/hqcosmetique.com\/it\/wp-json\/wp\/v2\/types\/product"}],"replies":[{"embeddable":true,"href":"http:\/\/hqcosmetique.com\/it\/wp-json\/wp\/v2\/comments?post=34462"}],"wp:featuredmedia":[{"embeddable":true,"href":"http:\/\/hqcosmetique.com\/it\/wp-json\/wp\/v2\/media\/28878"}],"wp:attachment":[{"href":"http:\/\/hqcosmetique.com\/it\/wp-json\/wp\/v2\/media?parent=34462"}],"curies":[{"name":"wp","href":"https:\/\/api.w.org\/{rel}","templated":true}]}}