{"id":34387,"date":"2017-11-25T17:34:31","date_gmt":"2017-11-25T17:34:31","guid":{"rendered":"http:\/\/hqcosmetique.com\/?post_type=product&#038;p=34387"},"modified":"2018-02-21T19:39:49","modified_gmt":"2018-02-21T19:39:49","slug":"maschera-purificante-e-detossificante-naturel","status":"publish","type":"product","link":"http:\/\/hqcosmetique.com\/it\/prodotto\/maschera-purificante-e-detossificante-naturel\/","title":{"rendered":"MASCHERA PURIFICANTE E DETOSSIFICANTE NATUREL"},"content":{"rendered":"<p>LA PELLE \u00c8 IMMEDIATAMENTEPI\u00d9 PULITA E LUMINOSAL\u2019AZIONE:<\/p>\n<p>La maschera \u00e8 un efficace detergente, in grado di rimuovere dalla superficie cutanea le impurit\u00e0, come i residui di make-up e le cellule morte, e di pulire i pori in profondit\u00e0. Permette di ottenere una pelle detersa e pulita e una sensazione di freschezza. \u00c8 arricchita con Epilobio nota per le sue propriet\u00e0 seboregolatrici.<\/p>\n","protected":false},"excerpt":{"rendered":"<h2>MASCHERA PURIFICANTE E DETOSSIFICANTE NATUREL<\/h2>\n<p>all\u2019Argilla Bianca ed estratto di Epilobio BIO<\/p>\n","protected":false},"featured_media":28716,"comment_status":"open","ping_status":"closed","template":"","meta":[],"_links":{"self":[{"href":"http:\/\/hqcosmetique.com\/it\/wp-json\/wp\/v2\/product\/34387"}],"collection":[{"href":"http:\/\/hqcosmetique.com\/it\/wp-json\/wp\/v2\/product"}],"about":[{"href":"http:\/\/hqcosmetique.com\/it\/wp-json\/wp\/v2\/types\/product"}],"replies":[{"embeddable":true,"href":"http:\/\/hqcosmetique.com\/it\/wp-json\/wp\/v2\/comments?post=34387"}],"wp:featuredmedia":[{"embeddable":true,"href":"http:\/\/hqcosmetique.com\/it\/wp-json\/wp\/v2\/media\/28716"}],"wp:attachment":[{"href":"http:\/\/hqcosmetique.com\/it\/wp-json\/wp\/v2\/media?parent=34387"}],"curies":[{"name":"wp","href":"https:\/\/api.w.org\/{rel}","templated":true}]}}