{"id":33974,"date":"2017-11-25T17:09:14","date_gmt":"2017-11-25T17:09:14","guid":{"rendered":"http:\/\/hqcosmetique.com\/?post_type=product&#038;p=33974"},"modified":"2021-03-15T13:17:23","modified_gmt":"2021-03-15T13:17:23","slug":"trattamento-levigante-e-illuminante-2","status":"publish","type":"product","link":"http:\/\/hqcosmetique.com\/it\/prodotto\/trattamento-levigante-e-illuminante-2\/","title":{"rendered":"TRATTAMENTO LEVIGANTE E ILLUMINANTE"},"content":{"rendered":"<p>PELLE IMMEDIATAMENTE LEVIGATA E LUMINOSA,LINEAMENTI DISTESI SEGNI DI STANCHEZZA CANCELLATI<\/p>\n<p>In pochi istanti la sua formula, ricca di numerosi attivi vegetali, distende i tratti del viso, contribuisce ad attenuare le rughe e i segni di espressione: la pelle \u00e8 pi\u00f9 liscia e pi\u00f9 morbida. Rassoda i contorni, rimodella l&#8217;ovale del viso: la pelle \u00e8 compatta ed elastica. Conferisce al maquillage una luminosit\u00e0 eccezionale, attenua i segni della fatica, dona nuova luce al viso<\/p>\n","protected":false},"excerpt":{"rendered":"<h2>TRATTAMENTO LEVIGANTE E ILLUMINANTE<\/h2>\n<p>agli Alfa Idrossiacidi naturali<\/p>\n","protected":false},"featured_media":93967,"comment_status":"open","ping_status":"closed","template":"","meta":[],"_links":{"self":[{"href":"http:\/\/hqcosmetique.com\/it\/wp-json\/wp\/v2\/product\/33974"}],"collection":[{"href":"http:\/\/hqcosmetique.com\/it\/wp-json\/wp\/v2\/product"}],"about":[{"href":"http:\/\/hqcosmetique.com\/it\/wp-json\/wp\/v2\/types\/product"}],"replies":[{"embeddable":true,"href":"http:\/\/hqcosmetique.com\/it\/wp-json\/wp\/v2\/comments?post=33974"}],"wp:featuredmedia":[{"embeddable":true,"href":"http:\/\/hqcosmetique.com\/it\/wp-json\/wp\/v2\/media\/93967"}],"wp:attachment":[{"href":"http:\/\/hqcosmetique.com\/it\/wp-json\/wp\/v2\/media?parent=33974"}],"curies":[{"name":"wp","href":"https:\/\/api.w.org\/{rel}","templated":true}]}}