{"id":3233,"date":"2017-11-02T17:59:11","date_gmt":"2017-11-02T17:59:11","guid":{"rendered":"http:\/\/hqcosmetique.com\/?post_type=product&#038;p=3233"},"modified":"2021-05-04T13:26:18","modified_gmt":"2021-05-04T13:26:18","slug":"siero-notte-rivitalizzante","status":"publish","type":"product","link":"http:\/\/hqcosmetique.com\/it\/prodotto\/siero-notte-rivitalizzante\/","title":{"rendered":"SIERO NOTTE RIVITALIZZANTE"},"content":{"rendered":"<p>AL RISVEGLIO LA PELLE \u00c8 PI\u00d9 LUMINOSA, LEVIGATA ED IDRATATA, I LINEAMENTI PI\u00d9 DISTESI<\/p>\n<p>trattamento notturno che combina all\u2019acido ialuronico dall\u2019azione antirughe, gli attivi vegetali dall\u2019effetto rigenerante per<br \/>\nricaricare le cellule dell&#8217;epidermide. Perfeziona la texture della pelle, previene e riduce la comparsa di linee sottili e rughe e ne preserva la tonicit\u00e0\u2026 tutto durante il sonno. Il siero \u00e8 stato sviluppato per sfruttare lo stato di riposo, quando il corpo ha la maggiore capacit\u00e0 di rinnovamento garantendo un&#8217;azione anti-et\u00e0.<\/p>\n","protected":false},"excerpt":{"rendered":"<h2>SIERO NOTTE RIVITALIZZANTE<\/h2>\n<p>alle cellule attive di Giglio Bianco e Mela<\/p>\n","protected":false},"featured_media":15231,"comment_status":"open","ping_status":"closed","template":"","meta":[],"_links":{"self":[{"href":"http:\/\/hqcosmetique.com\/it\/wp-json\/wp\/v2\/product\/3233"}],"collection":[{"href":"http:\/\/hqcosmetique.com\/it\/wp-json\/wp\/v2\/product"}],"about":[{"href":"http:\/\/hqcosmetique.com\/it\/wp-json\/wp\/v2\/types\/product"}],"replies":[{"embeddable":true,"href":"http:\/\/hqcosmetique.com\/it\/wp-json\/wp\/v2\/comments?post=3233"}],"wp:featuredmedia":[{"embeddable":true,"href":"http:\/\/hqcosmetique.com\/it\/wp-json\/wp\/v2\/media\/15231"}],"wp:attachment":[{"href":"http:\/\/hqcosmetique.com\/it\/wp-json\/wp\/v2\/media?parent=3233"}],"curies":[{"name":"wp","href":"https:\/\/api.w.org\/{rel}","templated":true}]}}