{"id":3024,"date":"2017-11-01T10:32:05","date_gmt":"2017-11-01T10:32:05","guid":{"rendered":"http:\/\/hqcosmetique.com\/?post_type=product&#038;p=3024"},"modified":"2026-03-13T14:11:14","modified_gmt":"2026-03-13T14:11:14","slug":"spazzola-sonica-detergente","status":"publish","type":"product","link":"http:\/\/hqcosmetique.com\/it\/prodotto\/spazzola-sonica-detergente\/","title":{"rendered":"SPAZZOLA SONICA DETERGENTE"},"content":{"rendered":"<p><iframe loading=\"lazy\" title=\"HQ FILM IT SPAZZOLA SONICA\" width=\"810\" height=\"456\" src=\"https:\/\/www.youtube.com\/embed\/JnVpsvjUQFM?feature=oembed\" frameborder=\"0\" allow=\"accelerometer; autoplay; clipboard-write; encrypted-media; gyroscope; picture-in-picture\" allowfullscreen><\/iframe><\/p>\n<p>Ogni giorno la pelle \u00e8 soggetta ad aggressioni esterne come inquinamento, stress o anche una dieta sbilanciata. Risultato: La carnagione \u00e8 spenta e i pori sono ostruiti. Grazie a questa spazzola sonica, HQ ha la soluzione per pulire la pelle in profondit\u00e0 e donare una luminosit\u00e0 immediata! Con i suoi movimenti micro-oscillatori ad alta frequenza, ogni setola della spazzola elimina le cellule morte i residui di trucco e le impurit\u00e0. Il metabolismo della pelle \u00e8 stimolato, i pori sono purificati. L&#8217;assorbimento dei trattamenti di bellezza quotidiani \u00e8 massimizzato e l&#8217;azione dei principi attivi in essi contenuti \u00e8 pi\u00f9 efficace.<\/p>\n<p>&nbsp;<\/p>\n<h3>TECNOLOGIA SONICA<\/h3>\n<p>Con questa tecnologia la pelle \u00e8 rispettata: a differenza delle spazzole rotanti, che possono irritare la pelle facendola ruotare su se stessa, il dispositivo di pulizia HQ utilizza micro-oscillazioni che puliscono la pelle in profondit\u00e0.<\/p>\n<table border=\"0\" width=\"450px\">\n<tbody>\n<tr>\n<td><img loading=\"lazy\" class=\"alignnone size-full wp-image-2825\" src=\"http:\/\/hqcosmetique.com\/wp-content\/uploads\/2017\/10\/icon_sonica.png\" alt=\"\" width=\"100\" height=\"100\" \/><\/td>\n<\/tr>\n<\/tbody>\n<\/table>\n<p>&nbsp;<\/p>\n<h3>EFFICACIA PROVATA<\/h3>\n<p>Una pelle pulita in profondit\u00e0 : pulizia <strong>72,3%<\/strong> pi\u00f9 efficiente della pulizia manuale *<br \/>\n* Test clinici condotti su 21 soggetti<br \/>\nUna pelle sana:<br \/>\n&#8211; riduzione del <strong>85,8%<\/strong> del sebo in eccesso **<br \/>\n** sebometria condotta su 21 soggetti dopo il primo utilizzo<br \/>\nUna pelle liscia ***:<br \/>\n\u2022 La texture della pelle \u00e8 pi\u00f9 fine del <strong>20,9%<\/strong><br \/>\n\u2022 l\u2019uniformit\u00e0 dell\u2019incarnato \u00e8 migliorata del <strong>15,4%<\/strong><br \/>\n*** Test clinici su 21 soggetti dopo 14 giorni<\/p>\n<p>&nbsp;<\/p>\n<h3>CARATTERISTICHE<\/h3>\n<p>Batteria Lithium-ion 900mAh<br \/>\nTempo di ricarica 4 ore \/ 40 minuti di autonomia<br \/>\nResistente all&#8217;acqua &#8211; utilizzabile sotto la doccia o vasca da bagno<br \/>\n3 livelli di velocit\u00e0<\/p>\n<table border=\"0\" width=\"450px\">\n<tbody>\n<tr>\n<td><img loading=\"lazy\" class=\"alignnone size-full wp-image-2777\" src=\"http:\/\/hqcosmetique.com\/wp-content\/uploads\/2017\/10\/icon_waterproof-2.png\" alt=\"\" width=\"100\" height=\"100\" \/><\/td>\n<td><img loading=\"lazy\" class=\"alignnone size-full wp-image-2780\" src=\"http:\/\/hqcosmetique.com\/wp-content\/uploads\/2017\/10\/icon_nomade-1.png\" alt=\"\" width=\"100\" height=\"100\" \/><\/td>\n<td><img loading=\"lazy\" class=\"alignnone size-full wp-image-2783\" src=\"http:\/\/hqcosmetique.com\/wp-content\/uploads\/2017\/10\/icon_vitesse-1.png\" alt=\"\" width=\"100\" height=\"100\" \/><\/td>\n<\/tr>\n<\/tbody>\n<\/table>\n<p>VENDUTO INSIEME A&#8230;.<\/p>\n<table border=\"0\" width=\"750px\">\n<tbody>\n<tr>\n<td><img loading=\"lazy\" class=\"alignnone size-full wp-image-2786\" src=\"http:\/\/hqcosmetique.com\/wp-content\/uploads\/2017\/10\/icon_usb.png\" alt=\"\" width=\"100\" height=\"100\" \/><\/td>\n<td><img loading=\"lazy\" class=\"alignnone size-full wp-image-2789\" src=\"http:\/\/hqcosmetique.com\/wp-content\/uploads\/2017\/10\/icon_charge.png\" alt=\"\" width=\"100\" height=\"100\" \/><\/td>\n<td><img loading=\"lazy\" class=\"alignnone size-full wp-image-2792\" src=\"http:\/\/hqcosmetique.com\/wp-content\/uploads\/2017\/10\/icon_socle.png\" alt=\"\" width=\"100\" height=\"100\" \/><\/td>\n<td><img loading=\"lazy\" class=\"alignnone size-full wp-image-2795\" src=\"http:\/\/hqcosmetique.com\/wp-content\/uploads\/2017\/10\/icon_offerte.png\" alt=\"\" width=\"100\" height=\"100\" \/><\/td>\n<td><img loading=\"lazy\" class=\"alignnone size-full wp-image-2798\" src=\"http:\/\/hqcosmetique.com\/wp-content\/uploads\/2017\/10\/icon_nskin.png\" alt=\"\" width=\"100\" height=\"100\" \/><\/td>\n<\/tr>\n<\/tbody>\n<\/table>\n<h3><\/h3>\n<h3>GLI ACCESSORI<\/h3>\n<p>TESTINE<br \/>\nscegliere la testina adatta al vostro tipo di pelle.<br \/>\nSostituire la testina dopo 3 mesi di utilizzo.<\/p>\n<table border=\"0\" width=\"450px\">\n<tbody>\n<tr>\n<td><img loading=\"lazy\" class=\"alignnone size-full wp-image-2801\" src=\"http:\/\/hqcosmetique.com\/wp-content\/uploads\/2017\/10\/icon_access1.png\" alt=\"\" width=\"100\" height=\"100\" \/><\/td>\n<td><img loading=\"lazy\" class=\"alignnone size-full wp-image-2804\" src=\"http:\/\/hqcosmetique.com\/wp-content\/uploads\/2017\/10\/icon_access2.png\" alt=\"\" width=\"100\" height=\"100\" \/><\/td>\n<td><img loading=\"lazy\" class=\"alignnone size-full wp-image-2807\" src=\"http:\/\/hqcosmetique.com\/wp-content\/uploads\/2017\/10\/icon_access3.png\" alt=\"\" width=\"100\" height=\"100\" \/><\/td>\n<\/tr>\n<\/tbody>\n<\/table>\n<p>&nbsp;<\/p>\n<h3>SERVIZIO HQ<\/h3>\n<p><a href=\"http:\/\/hqcosmetique.com\/wp-content\/uploads\/2018\/03\/mise-en-garde-Brosse-sonique.pdf\">ATTENZIONE<\/a><\/p>\n<p>2 ANNI DE GARANZIA<\/p>\n<table border=\"0\" width=\"450px\">\n<tbody>\n<tr>\n<td><img loading=\"lazy\" class=\"alignnone size-full wp-image-2822\" src=\"http:\/\/hqcosmetique.com\/wp-content\/uploads\/2017\/10\/icon_garantie.png\" alt=\"\" width=\"100\" height=\"100\" \/><\/td>\n<\/tr>\n<\/tbody>\n<\/table>\n<h3><\/h3>\n<p><a href=\"http:\/\/hqcosmetique.com\/wp-content\/uploads\/2018\/03\/BROSSE-SONIQUE-NOMADE-HQ-001.pdf\">SCARICA IL FOGLIO ILLUSTRATIVO<\/a><\/p>\n<h3>CONTATTA IL SERVIZIO CONSUMATORI<\/h3>\n<h3><\/h3>\n<p><span style=\"border-radius: 2px; text-indent: 20px; width: auto; padding: 0px 4px 0px 0px; text-align: center; font: bold 11px\/20px 'Helvetica Neue',Helvetica,sans-serif; color: #ffffff; background: #bd081c no-repeat scroll 3px 50% \/ 14px 14px; position: absolute; opacity: 1; z-index: 8675309; display: none; cursor: pointer;\">Salva<\/span><\/p>\n<p><span style=\"border-radius: 2px; text-indent: 20px; width: auto; padding: 0px 4px 0px 0px; text-align: center; font: bold 11px\/20px 'Helvetica Neue',Helvetica,sans-serif; color: #ffffff; background: #bd081c no-repeat scroll 3px 50% \/ 14px 14px; position: absolute; opacity: 1; z-index: 8675309; display: none; cursor: pointer;\">Salva<\/span><\/p>\n<p><span style=\"border-radius: 2px; text-indent: 20px; width: auto; padding: 0px 4px 0px 0px; text-align: center; font: bold 11px\/20px 'Helvetica Neue',Helvetica,sans-serif; color: #ffffff; background: #bd081c no-repeat scroll 3px 50% \/ 14px 14px; position: absolute; opacity: 1; z-index: 8675309; display: none; cursor: pointer;\">Salva<\/span><\/p>\n<p><span style=\"border-radius: 2px; text-indent: 20px; width: auto; padding: 0px 4px 0px 0px; text-align: center; font: bold 11px\/20px 'Helvetica Neue',Helvetica,sans-serif; color: #ffffff; background: #bd081c no-repeat scroll 3px 50% \/ 14px 14px; position: absolute; opacity: 1; z-index: 8675309; display: none; cursor: pointer;\">Salva<\/span><\/p>\n<p><span style=\"border-radius: 2px; text-indent: 20px; width: auto; padding: 0px 4px 0px 0px; text-align: center; font: bold 11px\/20px 'Helvetica Neue',Helvetica,sans-serif; color: #ffffff; background: #bd081c no-repeat scroll 3px 50% \/ 14px 14px; position: absolute; opacity: 1; z-index: 8675309; display: none; cursor: pointer;\">Salva<\/span><\/p>\n<p><span style=\"border-radius: 2px; text-indent: 20px; width: auto; padding: 0px 4px 0px 0px; text-align: center; font: bold 11px\/20px 'Helvetica Neue',Helvetica,sans-serif; color: #ffffff; background: #bd081c no-repeat scroll 3px 50% \/ 14px 14px; position: absolute; opacity: 1; z-index: 8675309; display: none; cursor: pointer;\">Salva<\/span><\/p>\n<p><span style=\"border-radius: 2px; text-indent: 20px; width: auto; padding: 0px 4px 0px 0px; text-align: center; font: bold 11px\/20px 'Helvetica Neue',Helvetica,sans-serif; color: #ffffff; background: #bd081c no-repeat scroll 3px 50% \/ 14px 14px; position: absolute; opacity: 1; z-index: 8675309; display: none; cursor: pointer;\">Salva<\/span><\/p>\n<p><span style=\"border-radius: 2px; text-indent: 20px; width: auto; padding: 0px 4px 0px 0px; text-align: center; font: bold 11px\/20px 'Helvetica Neue',Helvetica,sans-serif; color: #ffffff; background: #bd081c no-repeat scroll 3px 50% \/ 14px 14px; position: absolute; opacity: 1; z-index: 8675309; display: none; cursor: pointer;\">Salva<\/span><\/p>\n<p><span style=\"border-radius: 2px; text-indent: 20px; width: auto; padding: 0px 4px 0px 0px; text-align: center; font: bold 11px\/20px 'Helvetica Neue',Helvetica,sans-serif; color: #ffffff; background: #bd081c no-repeat scroll 3px 50% \/ 14px 14px; position: absolute; opacity: 1; z-index: 8675309; display: none; cursor: pointer;\">Salva<\/span><\/p>\n<p><span style=\"border-radius: 2px; text-indent: 20px; width: auto; padding: 0px 4px 0px 0px; text-align: center; font: bold 11px\/20px 'Helvetica Neue',Helvetica,sans-serif; color: #ffffff; background: #bd081c no-repeat scroll 3px 50% \/ 14px 14px; position: absolute; opacity: 1; z-index: 8675309; display: none; cursor: pointer;\">Salva<\/span><\/p>\n<p><span style=\"border-radius: 2px; text-indent: 20px; width: auto; padding: 0px 4px 0px 0px; text-align: center; font: bold 11px\/20px 'Helvetica Neue',Helvetica,sans-serif; color: #ffffff; background: #bd081c no-repeat scroll 3px 50% \/ 14px 14px; position: absolute; opacity: 1; z-index: 8675309; display: none; cursor: pointer;\">Salva<\/span><\/p>\n<p><span style=\"border-radius: 2px; text-indent: 20px; width: auto; padding: 0px 4px 0px 0px; text-align: center; font: bold 11px\/20px 'Helvetica Neue',Helvetica,sans-serif; color: #ffffff; background: #bd081c no-repeat scroll 3px 50% \/ 14px 14px; position: absolute; opacity: 1; z-index: 8675309; display: none; cursor: pointer;\">Salva<\/span><\/p>\n<p><span style=\"border-radius: 2px; text-indent: 20px; width: auto; padding: 0px 4px 0px 0px; text-align: center; font: bold 11px\/20px 'Helvetica Neue',Helvetica,sans-serif; color: #ffffff; background: #bd081c no-repeat scroll 3px 50% \/ 14px 14px; position: absolute; opacity: 1; z-index: 8675309; display: none; cursor: pointer;\">Salva<\/span><\/p>\n<p><span style=\"border-radius: 2px; text-indent: 20px; width: auto; padding: 0px 4px 0px 0px; text-align: center; font: bold 11px\/20px 'Helvetica Neue',Helvetica,sans-serif; color: #ffffff; background: #bd081c no-repeat scroll 3px 50% \/ 14px 14px; position: absolute; opacity: 1; z-index: 8675309; display: none; cursor: pointer;\">Salva<\/span><\/p>\n<p><span style=\"border-radius: 2px; text-indent: 20px; width: auto; padding: 0px 4px 0px 0px; text-align: center; font: bold 11px\/20px 'Helvetica Neue',Helvetica,sans-serif; color: #ffffff; background: #bd081c no-repeat scroll 3px 50% \/ 14px 14px; position: absolute; opacity: 1; z-index: 8675309; display: none; cursor: pointer;\">Salva<\/span><\/p>\n<p><span style=\"border-radius: 2px; text-indent: 20px; width: auto; padding: 0px 4px 0px 0px; text-align: center; font: bold 11px\/20px 'Helvetica Neue',Helvetica,sans-serif; color: #ffffff; background: #bd081c no-repeat scroll 3px 50% \/ 14px 14px; position: absolute; opacity: 1; z-index: 8675309; display: none; cursor: pointer;\">Salva<\/span><\/p>\n<p><span style=\"border-radius: 2px; text-indent: 20px; width: auto; padding: 0px 4px 0px 0px; text-align: center; font: bold 11px\/20px 'Helvetica Neue',Helvetica,sans-serif; color: #ffffff; background: #bd081c no-repeat scroll 3px 50% \/ 14px 14px; position: absolute; opacity: 1; z-index: 8675309; display: none; cursor: pointer;\">Salva<\/span><\/p>\n<p><span style=\"border-radius: 2px; text-indent: 20px; width: auto; padding: 0px 4px 0px 0px; text-align: center; font: bold 11px\/20px 'Helvetica Neue',Helvetica,sans-serif; color: #ffffff; background: #bd081c no-repeat scroll 3px 50% \/ 14px 14px; position: absolute; opacity: 1; z-index: 8675309; display: none; cursor: pointer;\">Salva<\/span><\/p>\n<p><span style=\"border-radius: 2px; text-indent: 20px; width: auto; padding: 0px 4px 0px 0px; text-align: center; font: bold 11px\/20px 'Helvetica Neue',Helvetica,sans-serif; color: #ffffff; background: #bd081c no-repeat scroll 3px 50% \/ 14px 14px; position: absolute; opacity: 1; z-index: 8675309; display: none; cursor: pointer;\">Salva<\/span><\/p>\n<p><span style=\"border-radius: 2px; text-indent: 20px; width: auto; padding: 0px 4px 0px 0px; text-align: center; font: bold 11px\/20px 'Helvetica Neue',Helvetica,sans-serif; color: #ffffff; background: #bd081c no-repeat scroll 3px 50% \/ 14px 14px; position: absolute; opacity: 1; z-index: 8675309; display: none; cursor: pointer;\">Salva<\/span><\/p>\n<p><span style=\"border-radius: 2px; text-indent: 20px; width: auto; padding: 0px 4px 0px 0px; text-align: center; font: bold 11px\/20px 'Helvetica Neue',Helvetica,sans-serif; color: #ffffff; background: #bd081c no-repeat scroll 3px 50% \/ 14px 14px; position: absolute; opacity: 1; z-index: 8675309; display: none; cursor: pointer;\">Salva<\/span><\/p>\n<p><span style=\"border-radius: 2px; text-indent: 20px; width: auto; padding: 0px 4px 0px 0px; text-align: center; font: bold 11px\/20px 'Helvetica Neue',Helvetica,sans-serif; color: #ffffff; background: #bd081c no-repeat scroll 3px 50% \/ 14px 14px; position: absolute; opacity: 1; z-index: 8675309; display: none; cursor: pointer;\">Salva<\/span><\/p>\n<p><span style=\"border-radius: 2px; text-indent: 20px; width: auto; padding: 0px 4px 0px 0px; text-align: center; font: bold 11px\/20px 'Helvetica Neue',Helvetica,sans-serif; color: #ffffff; background: #bd081c no-repeat scroll 3px 50% \/ 14px 14px; position: absolute; opacity: 1; z-index: 8675309; display: none; cursor: pointer;\">Salva<\/span><\/p>\n<p><span style=\"border-radius: 2px; text-indent: 20px; width: auto; padding: 0px 4px 0px 0px; text-align: center; font: bold 11px\/20px 'Helvetica Neue',Helvetica,sans-serif; color: #ffffff; background: #bd081c no-repeat scroll 3px 50% \/ 14px 14px; position: absolute; opacity: 1; z-index: 8675309; display: none; cursor: pointer;\">Salva<\/span><\/p>\n","protected":false},"excerpt":{"rendered":"<h1>UNA PELLE PULITA IN PROFONDITA<\/h1>\n","protected":false},"featured_media":2810,"comment_status":"open","ping_status":"closed","template":"","meta":[],"_links":{"self":[{"href":"http:\/\/hqcosmetique.com\/it\/wp-json\/wp\/v2\/product\/3024"}],"collection":[{"href":"http:\/\/hqcosmetique.com\/it\/wp-json\/wp\/v2\/product"}],"about":[{"href":"http:\/\/hqcosmetique.com\/it\/wp-json\/wp\/v2\/types\/product"}],"replies":[{"embeddable":true,"href":"http:\/\/hqcosmetique.com\/it\/wp-json\/wp\/v2\/comments?post=3024"}],"wp:featuredmedia":[{"embeddable":true,"href":"http:\/\/hqcosmetique.com\/it\/wp-json\/wp\/v2\/media\/2810"}],"wp:attachment":[{"href":"http:\/\/hqcosmetique.com\/it\/wp-json\/wp\/v2\/media?parent=3024"}],"curies":[{"name":"wp","href":"https:\/\/api.w.org\/{rel}","templated":true}]}}