{"id":203078,"date":"2018-07-05T12:30:38","date_gmt":"2018-07-05T12:30:38","guid":{"rendered":"http:\/\/hqcosmetique.com\/product\/mini-brosse-visage-2\/"},"modified":"2021-05-04T13:26:18","modified_gmt":"2021-05-04T13:26:18","slug":"mini-brosse-visage-2","status":"publish","type":"product","link":"http:\/\/hqcosmetique.com\/it\/prodotto\/mini-brosse-visage-2\/","title":{"rendered":"Mini spazzola sonica"},"content":{"rendered":"<p>Ogni giorno la pelle \u00e8 soggetta ad aggressioni esterne come inquinamento, stress o anche una dieta sbilanciata. Risultato: La carnagione \u00e8 spenta e i pori sono ostruiti. Grazie a questa spazzola sonica, HQ ha la soluzione per pulire la pelle in profondit\u00e0 e donare una luminosit\u00e0 immediata! Con i suoi movimenti micro-oscillatori ad alta frequenza, ogni setola della spazzola elimina le cellule morte i residui di trucco e le impurit\u00e0. Il metabolismo della pelle \u00e8 stimolato, i pori sono purificati. L\u2019assorbimento dei trattamenti di bellezza quotidiani \u00e8 massimizzato e l\u2019azione dei principi attivi in essi contenuti \u00e8 pi\u00f9 efficace.<\/p>\n","protected":false},"excerpt":{"rendered":"<p>Donare una luminosit\u00e0 immediata.<\/p>\n","protected":false},"featured_media":203068,"comment_status":"open","ping_status":"closed","template":"","meta":[],"_links":{"self":[{"href":"http:\/\/hqcosmetique.com\/it\/wp-json\/wp\/v2\/product\/203078"}],"collection":[{"href":"http:\/\/hqcosmetique.com\/it\/wp-json\/wp\/v2\/product"}],"about":[{"href":"http:\/\/hqcosmetique.com\/it\/wp-json\/wp\/v2\/types\/product"}],"replies":[{"embeddable":true,"href":"http:\/\/hqcosmetique.com\/it\/wp-json\/wp\/v2\/comments?post=203078"}],"wp:featuredmedia":[{"embeddable":true,"href":"http:\/\/hqcosmetique.com\/it\/wp-json\/wp\/v2\/media\/203068"}],"wp:attachment":[{"href":"http:\/\/hqcosmetique.com\/it\/wp-json\/wp\/v2\/media?parent=203078"}],"curies":[{"name":"wp","href":"https:\/\/api.w.org\/{rel}","templated":true}]}}