{"id":2440,"date":"2015-03-06T07:55:00","date_gmt":"2015-03-06T07:55:00","guid":{"rendered":"http:\/\/hqcosmetique.com\/about-us-2\/"},"modified":"2018-01-19T10:02:35","modified_gmt":"2018-01-19T10:02:35","slug":"about-us-2","status":"publish","type":"page","link":"http:\/\/hqcosmetique.com\/it\/about-us-2\/","title":{"rendered":"Chi siamo"},"content":{"rendered":"<p>[vc_row][vc_column][rev_slider_vc alias=&#8221;frattali-ita-copia&#8221;][\/vc_column][\/vc_row][vc_row row_fullwidth=&#8221;1&#8243;][vc_column]<div class=\"mgt-promo-block parallax white-text text-size-large darken wpb_content_element\" data-style=\"background-image: url(http:\/\/hqcosmetique.com\/wp-content\/uploads\/2015\/03\/32814166_ml.jpg);background-repeat: no-repeat;width: 100%; height: 680px;\"><div class=\"mgt-promo-block-content\"><em>impariamo dalla <\/em><strong>natura <\/strong><em>e la imitiamo<\/em>\n<h3>Tecnologia innovazione e know-how svizzeri ci hanno permesso di selezionare formule che sanno dare luce ad ogni bellezza.<\/h3>\n<h3>Perch\u00e9 la radiosit\u00e0 di ogni donna \u00e8 unica.<\/h3>\n<\/div><\/div>[\/vc_column][\/vc_row][vc_row css=&#8221;.vc_custom_1425577071909{margin-top: 85px !important;margin-bottom: 85px !important;}&#8221;][vc_column][vc_column_text]<\/p>\n<h1 style=\"text-align: center; color: #b81918;\"><strong>La differenza HQ<\/strong><\/h1>\n<p style=\"text-align: left;\">Nasce l\u2019era dell\u2019 \u00abEmpowered Beauty\u00bb, la Bellezza Amplificata.<\/p>\n<p>HQ \u00e8 sinonimo di qualit\u00e0 svizzera.<\/p>\n<p style=\"text-align: justify;\">Siamo stati i primi ad aver utilizzato il packaging in minidose richiudibile grazie al pratico tappino.<\/p>\n<p style=\"text-align: justify;\">Siamo leader del mercato<\/p>\n<p style=\"text-align: justify;\">Abbiamo saputo coniugare efficacia e qualit\u00e0 a praticit\u00e0 e convenienza.<\/p>\n<p style=\"text-align: justify;\">Tecnologia e know-how ci hanno permesso di selezionare <strong>4 collezioni di bellezza\u00a0<\/strong>per dare luce ad ogni bellezza. Perch\u00e9 la radiosit\u00e0 rende ogni donna unica, le dona una luce propria che potenziata fa la differenza.<\/p>\n<h3>In ogni collezione un trattamento completo con maschere, sieri, gel e creme:<br \/>\npulizia e cura per ogni tipo di pelle.<\/h3>\n<p style=\"text-align: justify;\">In perfetta interazione con le linee cosmetiche abbiamo realizzato dei beauty device per potenziare e massimizzare l\u2019effetto dei trattamenti. Ogni device possiede una o pi\u00f9 azioni specifiche che potenziano l\u2019effetto del cosmetico utilizatto.<\/p>\n<p>[\/vc_column_text][vc_video link=&#8221;https:\/\/www.youtube.com\/watch?v=EEFjoeRsZ9Y&#8221; align=&#8221;center&#8221;][\/vc_column][\/vc_row][vc_row][vc_column][rev_slider_vc alias=&#8221;slideshow_ebeaute_ita&#8221;][\/vc_column][\/vc_row][vc_row row_fullwidth=&#8221;1&#8243; css=&#8221;.vc_custom_1425630666006{margin-bottom: -30px !important;}&#8221; el_class=&#8221;mgt-promo-1&#8243;][vc_column]<div class=\"mgt-promo-block white-text cover-image text-size-large darken wpb_content_element\" data-style=\"background-image: url(http:\/\/hqcosmetique.com\/wp-content\/uploads\/2015\/03\/shutterstock_732185194-web.jpg);background-repeat: no-repeat;width: 100%; height: 600px;\"><div class=\"mgt-promo-block-content\"><strong>Amiamo<\/strong><em>quello che facciamo<\/em><br \/>\n<em>e lo facciamo con<\/em> <strong>passione<\/strong><\/div><\/div>[\/vc_column][\/vc_row][vc_row row_fullwidth_bg=&#8221;1&#8243; css=&#8221;.vc_custom_1513433870353{padding-top: 150px !important;padding-bottom: 150px !important;background-color: #ffffff !important;}&#8221;][vc_column width=&#8221;1\/2&#8243;][vc_column_text css=&#8221;.vc_custom_1513433939721{margin-bottom: 50px !important;background-color: #ffffff !important;}&#8221;]<\/p>\n<h1>Perch\u00e9 siamo leader del mercato<\/h1>\n<p>[\/vc_column_text][vc_raw_html]JTNDYSUyMGhyZWYlM0QlMjIlMjMlMjIlMjAlMjB0YXJnZXQlM0QlMjJfYmxhbmslMjIlMjBjbGFzcyUzRCUyMmEtZmFjZWJvb2slMjIlM0UlM0NpJTIwc3R5bGUlM0QlMjJjb2xvciUzQWJsYWNrJTNCJTIyJTIwY2xhc3MlM0QlMjJmYSUyMGZhLTIlMjBmYS1mYWNlYm9vayUyMiUzRSUzQyUyRmklM0UlM0MlMkZhJTNFJTIwJTNDYSUyMGhyZWYlM0QlMjIlMjMlMjIlMjB0YXJnZXQlM0QlMjJfYmxhbmslMjIlMjBjbGFzcyUzRCUyMmEtdHdpdHRlciUyMiUzRSUzQ2klMjBzdHlsZSUzRCUyMmNvbG9yJTNBYmxhY2slM0IlMjIlMjBjbGFzcyUzRCUyMmZhJTIwZmEtMiUyMGZhLXR3aXR0ZXIlMjIlM0UlM0MlMkZpJTNFJTNDJTJGYSUzRSUyMCUzQ2ElMjBocmVmJTNEJTIyJTIzJTIyJTIwdGFyZ2V0JTNEJTIyX2JsYW5rJTIyJTIwY2xhc3MlM0QlMjJhLWdvb2dsZS1wbHVzJTIyJTNFJTNDaSUyMHN0eWxlJTNEJTIyY29sb3IlM0FibGFjayUzQiUyMiUyMGNsYXNzJTNEJTIyZmElMjBmYS0yJTIwZmEtZ29vZ2xlLXBsdXMlMjIlM0UlM0MlMkZpJTNFJTNDJTJGYSUzRSUyMCUzQ2ElMjBocmVmJTNEJTIyJTIzJTIyJTIwdGFyZ2V0JTNEJTIyX2JsYW5rJTIyJTIwY2xhc3MlM0QlMjJhLWdvb2dsZS1wbHVzJTIyJTNFJTNDaSUyMHN0eWxlJTNEJTIyY29sb3IlM0FibGFjayUzQiUyMiUyMGNsYXNzJTNEJTIyZmElMjBmYS0yJTIwZmEtcGludGVyZXN0JTIyJTNFJTNDJTJGaSUzRSUzQyUyRmElM0UlMjAlM0NhJTIwaHJlZiUzRCUyMiUyMyUyMiUyMHRhcmdldCUzRCUyMl9ibGFuayUyMiUyMGNsYXNzJTNEJTIyYS1nb29nbGUtcGx1cyUyMiUzRSUzQ2klMjAlMjBzdHlsZSUzRCUyMmNvbG9yJTNBYmxhY2slM0IlMjIlMjBjbGFzcyUzRCUyMmZhJTIwZmEtMiUyMGZhLWluc3RhZ3JhbSUyMiUzRSUzQyUyRmklM0UlM0MlMkZhJTNFJTIwJTNDYSUyMGhyZWYlM0QlMjIlMjMlMjIlMjB0YXJnZXQlM0QlMjJfYmxhbmslMjIlMjBjbGFzcyUzRCUyMmEtZ29vZ2xlLXBsdXMlMjIlM0UlM0NpJTIwJTIwc3R5bGUlM0QlMjJjb2xvciUzQWJsYWNrJTNCJTIyJTIwJTIwY2xhc3MlM0QlMjJmYSUyMGZhLTIlMjBmYS15b3V0dWJlJTIyJTNFJTNDJTJGaSUzRSUzQyUyRmElM0U=[\/vc_raw_html][\/vc_column][vc_column width=&#8221;1\/2&#8243;][vc_accordion][vc_accordion_tab title=&#8221;01. Alta qualit\u00e0 ed efficacia&#8221;][vc_column_text]I nostri test clinici dimostrano l\u2019efficacia dei nostri prodotti con risultati chiari.[\/vc_column_text][\/vc_accordion_tab][vc_accordion_tab title=&#8221;02. Scientificit\u00e0 e innovazione&#8221;][vc_column_text]Le formulazioni e l\u2019innovazione di un brand Svizzero garantiscono qualit\u00e0 e affidabilit\u00e0<br \/>\nUn Know-how in continua evoluzione permette la creazione non solo di linee nuove, ma anche continuamente rinnovate.[\/vc_column_text][\/vc_accordion_tab][vc_accordion_tab title=&#8221;03. Sostenibilit\u00e0 intesa come &#8220;no sprechi&#8220;&#8221;][vc_column_text]La creazione della minidose \u00e8 stata una rivoluzione ed \u00e8 un campione esempio di<br \/>\nsostenibilit\u00e0. Minidose significa acquistare solo ci\u00f2 di cui hai bisogno, senza sprechi, senza che il prodotto perda le sue qualit\u00e0 organolettiche. Minidose significa confezione minima. Significa anche avere una quantit\u00e0 perfetta per i viaggi e la mobilit\u00e0 in genere.[\/vc_column_text][\/vc_accordion_tab][vc_accordion_tab title=&#8221;04. Convenienza&#8221;][vc_column_text]Minidose significa anche avere la possibilit\u00e0 di sperimentare pi\u00f9 prodotti ad un costo senza uguali, senza mai sacrificare la qualit\u00e0.[\/vc_column_text][\/vc_accordion_tab][\/vc_accordion][\/vc_column][\/vc_row][vc_row row_fullwidth=&#8221;1&#8243; css=&#8221;.vc_custom_1425632063597{margin-top: -30px !important;background-color: #eeeeee !important;}&#8221;][vc_column]<div class=\"mgt-signup-block clearfix white-text wpb_content_element\" data-style=\"background-color: #b81918;\"><div class=\"mgt-signup-block-header\"><h5>Newsletter Sign Up<\/h5><\/div><div class=\"mgt-signup-block-form\"><form target=\"_blank\" method=\"post\" action=\"\"><input type=\"email\" value=\"\" name=\"EMAIL\" class=\"required email\" placeholder=\"Input your email\" id=\"mce-EMAIL\"><input type=\"submit\" value=\"Sottoscrivi la nostra newsletter\" name=\"subscribe\" id=\"mc-embedded-subscribe\" class=\"button mgt-button mgt-style-grey\"><\/form><\/div><\/div>[\/vc_column][\/vc_row]<\/p>\n","protected":false},"excerpt":{"rendered":"<p>[vc_row][vc_column][rev_slider_vc alias=&#8221;frattali-ita-copia&#8221;][\/vc_column][\/vc_row][vc_row row_fullwidth=&#8221;1&#8243;][vc_column][\/vc_column][\/vc_row][vc_row css=&#8221;.vc_custom_1425577071909{margin-top: 85px !important;margin-bottom: 85px !important;}&#8221;][vc_column][vc_column_text] La differenza HQ Nasce l\u2019era dell\u2019 \u00abEmpowered Beauty\u00bb, la Bellezza&#8230;<\/p>\n","protected":false},"author":1,"featured_media":0,"parent":0,"menu_order":0,"comment_status":"closed","ping_status":"open","template":"","meta":[],"_links":{"self":[{"href":"http:\/\/hqcosmetique.com\/it\/wp-json\/wp\/v2\/pages\/2440"}],"collection":[{"href":"http:\/\/hqcosmetique.com\/it\/wp-json\/wp\/v2\/pages"}],"about":[{"href":"http:\/\/hqcosmetique.com\/it\/wp-json\/wp\/v2\/types\/page"}],"author":[{"embeddable":true,"href":"http:\/\/hqcosmetique.com\/it\/wp-json\/wp\/v2\/users\/1"}],"replies":[{"embeddable":true,"href":"http:\/\/hqcosmetique.com\/it\/wp-json\/wp\/v2\/comments?post=2440"}],"version-history":[{"count":26,"href":"http:\/\/hqcosmetique.com\/it\/wp-json\/wp\/v2\/pages\/2440\/revisions"}],"predecessor-version":[{"id":202319,"href":"http:\/\/hqcosmetique.com\/it\/wp-json\/wp\/v2\/pages\/2440\/revisions\/202319"}],"wp:attachment":[{"href":"http:\/\/hqcosmetique.com\/it\/wp-json\/wp\/v2\/media?parent=2440"}],"curies":[{"name":"wp","href":"https:\/\/api.w.org\/{rel}","templated":true}]}}