{"id":2183,"date":"2017-10-09T17:04:03","date_gmt":"2017-10-09T17:04:03","guid":{"rendered":"http:\/\/hqcosmetique.com\/?post_type=product&#038;p=2183"},"modified":"2026-04-02T20:25:38","modified_gmt":"2026-04-02T20:25:38","slug":"maschera-purificante-e-detossificante-naturel-ml-15","status":"publish","type":"product","link":"http:\/\/hqcosmetique.com\/en\/boutique\/maschera-purificante-e-detossificante-naturel-ml-15\/","title":{"rendered":"MASCHERA PURIFICANTE E DETOSSIFICANTE NATUREL ML 15"},"content":{"rendered":"<p>HQ &#8211; MASCHERA PURIFICANTE E DETOSSIFICANTE NATUREL ML 15<\/p>\n<p>La pelle \u00e9 immediatamente pi\u00f9 pulita e luminosa. La maschera \u00e8 un efficace detergente, in grado di rimuovere dalla superficie cutanea le impurit\u00e0, come i residui di make-up e le cellule morte, e di pulire i pori in profondit\u00e0. Permette di ottenere una pelle detersa e pulita e una sensazione di freschezza. \u00c8 arricchita con epilobio nota per le sue propriet\u00e0 seboregolatrici.<\/p>\n","protected":false},"excerpt":{"rendered":"<p>All\u2019 argilla bianca e BIO epilobio<\/p>\n<p>NO PARABENI<\/p>\n<p>NO SILICONI<\/p>\n<p>NO PETROLATI<\/p>\n<p>NO COLORANTI<\/p>\n<p>DERMATOLOGICAMENTE TESTATO<\/p>\n<p>PRODOTTO IN SVIZZERA<\/p>\n","protected":false},"featured_media":2217,"comment_status":"open","ping_status":"closed","template":"","meta":[],"_links":{"self":[{"href":"http:\/\/hqcosmetique.com\/en\/wp-json\/wp\/v2\/product\/2183"}],"collection":[{"href":"http:\/\/hqcosmetique.com\/en\/wp-json\/wp\/v2\/product"}],"about":[{"href":"http:\/\/hqcosmetique.com\/en\/wp-json\/wp\/v2\/types\/product"}],"replies":[{"embeddable":true,"href":"http:\/\/hqcosmetique.com\/en\/wp-json\/wp\/v2\/comments?post=2183"}],"wp:featuredmedia":[{"embeddable":true,"href":"http:\/\/hqcosmetique.com\/en\/wp-json\/wp\/v2\/media\/2217"}],"wp:attachment":[{"href":"http:\/\/hqcosmetique.com\/en\/wp-json\/wp\/v2\/media?parent=2183"}],"curies":[{"name":"wp","href":"https:\/\/api.w.org\/{rel}","templated":true}]}}