{"id":203077,"date":"2018-07-05T12:30:38","date_gmt":"2018-07-05T12:30:38","guid":{"rendered":"http:\/\/hqcosmetique.com\/product\/mini-brosse-visage-2\/"},"modified":"2021-05-04T13:23:24","modified_gmt":"2021-05-04T13:23:24","slug":"mini-brosse-visage-2","status":"publish","type":"product","link":"http:\/\/hqcosmetique.com\/en\/boutique\/mini-brosse-visage-2\/","title":{"rendered":"MINI BROSSE VISAGE"},"content":{"rendered":"<p>Au quotidien, votre peau est sujette \u00e0 des agressions ext\u00e9rieures telles que la pollution, le stress ou encore une mauvaise alimentation. R\u00e9sultat : votre teint devient terne et vos pores sont obstru\u00e9s. Les picots en silicone de la mini brosse HQ nettoient en douceur la peau et balaient les cellules mortes et les r\u00e9sidus de maquillage. Les pulsations activent la circulation et d\u00e9tendent les traits du visage. La peau est nettoy\u00e9e en profondeur, est plus ferme et lumineuse.<\/p>\n<p>MODE D&#8217;EMPLOI :<br \/>\n\u2022 Se d\u00e9maquiller auparavant le visage<br \/>\n\u2022 Appliquer le gel nettoyant HQ directement sur l&#8217;appareil au pr\u00e9alable humidifi\u00e9.<br \/>\n\u2022 Appuyer sur le bouton ON et l&#8217;appareil va automatiquement s&#8217;enclencher.<br \/>\n\u2022 Effectuer des mouvements circulaires avec l&#8217;appareil sur l&#8217;ensemble de votre visage, en commen\u00e7ant par le front.<br \/>\n\u2022 Rincer le visage puis le s\u00e9cher avec une serviette s\u00e8che et propre.<\/p>\n<p>FONCTIONS ALIT\u00c9S :<br \/>\n&#8211; R\u00e9sistant \u00e0 l&#8217;eau IPX5<br \/>\n&#8211; Utilisable sous la douche<br \/>\n&#8211; Rechargeable via c\u00e2ble USB<br \/>\n&#8211; Batterie Lithium-ion 240mAh<br \/>\n&#8211; Courant 3,7V<br \/>\n&#8211; Temps de charge total 1h<br \/>\n&#8211; Autonomie de 1h40<br \/>\nLorsque le voyant au niveau du bouton ON clignote 5 fois, cela signifie que la batterie est faible Lorsque l\u2019appareil est en charge, le voyant clignote. Lorsqu\u2019il s\u2019\u00e9teint, cela signifie que la batterie est charg\u00e9e.<\/p>\n","protected":false},"excerpt":{"rendered":"<p>Pour une peau purifi\u00e9e et un teint \u00e9clatant.<\/p>\n","protected":false},"featured_media":203067,"comment_status":"open","ping_status":"closed","template":"","meta":[],"_links":{"self":[{"href":"http:\/\/hqcosmetique.com\/en\/wp-json\/wp\/v2\/product\/203077"}],"collection":[{"href":"http:\/\/hqcosmetique.com\/en\/wp-json\/wp\/v2\/product"}],"about":[{"href":"http:\/\/hqcosmetique.com\/en\/wp-json\/wp\/v2\/types\/product"}],"replies":[{"embeddable":true,"href":"http:\/\/hqcosmetique.com\/en\/wp-json\/wp\/v2\/comments?post=203077"}],"wp:featuredmedia":[{"embeddable":true,"href":"http:\/\/hqcosmetique.com\/en\/wp-json\/wp\/v2\/media\/203067"}],"wp:attachment":[{"href":"http:\/\/hqcosmetique.com\/en\/wp-json\/wp\/v2\/media?parent=203077"}],"curies":[{"name":"wp","href":"https:\/\/api.w.org\/{rel}","templated":true}]}}